{"id":226,"date":"2018-08-29T01:11:05","date_gmt":"2018-08-29T01:11:05","guid":{"rendered":"https:\/\/dev.corberconsulting.ca\/what-we-do\/"},"modified":"2018-11-01T19:00:27","modified_gmt":"2018-11-01T19:00:27","slug":"ce-que-nous-faisons","status":"publish","type":"page","link":"https:\/\/corberconsulting.ca\/fr\/ce-que-nous-faisons\/","title":{"rendered":"Ce que nous faisons"},"content":{"rendered":"","protected":false},"excerpt":{"rendered":"","protected":false},"author":4,"featured_media":0,"parent":0,"menu_order":0,"comment_status":"closed","ping_status":"closed","template":"","meta":{"_acf_changed":false,"nf_dc_page":"","footnotes":""},"class_list":["post-226","page","type-page","status-publish","hentry"],"acf":[],"yoast_head":"<!-- This site is optimized with the Yoast SEO plugin v27.2 - https:\/\/yoast.com\/product\/yoast-seo-wordpress\/ -->\n<title>Ce que nous faisons - Corber Consulting<\/title>\n<meta name=\"description\" content=\"Consultation Corber, agissant en solo ou en collaboration avec des partenaires, offre un large \u00e9ventail de services afin d\u2019aider les gouvernements, l\u2019industrie et les organismes \u00e0 but non lucratif dans leur d\u00e9marche vers la R\u00e9conciliation.\" \/>\n<meta name=\"robots\" content=\"index, follow, max-snippet:-1, max-image-preview:large, max-video-preview:-1\" \/>\n<link rel=\"canonical\" href=\"https:\/\/corberconsulting.ca\/fr\/ce-que-nous-faisons\/\" \/>\n<meta property=\"og:locale\" content=\"fr_FR\" \/>\n<meta property=\"og:type\" content=\"article\" \/>\n<meta property=\"og:title\" content=\"Ce que nous faisons - Corber Consulting\" \/>\n<meta property=\"og:description\" content=\"Consultation Corber, agissant en solo ou en collaboration avec des partenaires, offre un large \u00e9ventail de services afin d\u2019aider les gouvernements, l\u2019industrie et les organismes \u00e0 but non lucratif dans leur d\u00e9marche vers la R\u00e9conciliation.\" \/>\n<meta property=\"og:url\" content=\"https:\/\/corberconsulting.ca\/fr\/ce-que-nous-faisons\/\" \/>\n<meta property=\"og:site_name\" content=\"Corber Consulting\" \/>\n<meta property=\"article:modified_time\" content=\"2018-11-01T19:00:27+00:00\" \/>\n<meta name=\"twitter:card\" content=\"summary_large_image\" \/>\n<script type=\"application\/ld+json\" class=\"yoast-schema-graph\">{\"@context\":\"https:\/\/schema.org\",\"@graph\":[{\"@type\":\"WebPage\",\"@id\":\"https:\/\/corberconsulting.ca\/fr\/ce-que-nous-faisons\/\",\"url\":\"https:\/\/corberconsulting.ca\/fr\/ce-que-nous-faisons\/\",\"name\":\"Ce que nous faisons - Corber Consulting\",\"isPartOf\":{\"@id\":\"https:\/\/corberconsulting.ca\/#website\"},\"datePublished\":\"2018-08-29T01:11:05+00:00\",\"dateModified\":\"2018-11-01T19:00:27+00:00\",\"description\":\"Consultation Corber, agissant en solo ou en collaboration avec des partenaires, offre un large \u00e9ventail de services afin d\u2019aider les gouvernements, l\u2019industrie et les organismes \u00e0 but non lucratif dans leur d\u00e9marche vers la R\u00e9conciliation.\",\"breadcrumb\":{\"@id\":\"https:\/\/corberconsulting.ca\/fr\/ce-que-nous-faisons\/#breadcrumb\"},\"inLanguage\":\"fr-FR\",\"potentialAction\":[{\"@type\":\"ReadAction\",\"target\":[\"https:\/\/corberconsulting.ca\/fr\/ce-que-nous-faisons\/\"]}]},{\"@type\":\"BreadcrumbList\",\"@id\":\"https:\/\/corberconsulting.ca\/fr\/ce-que-nous-faisons\/#breadcrumb\",\"itemListElement\":[{\"@type\":\"ListItem\",\"position\":1,\"name\":\"Home\",\"item\":\"https:\/\/corberconsulting.ca\/fr\/\"},{\"@type\":\"ListItem\",\"position\":2,\"name\":\"Ce que nous faisons\"}]},{\"@type\":\"WebSite\",\"@id\":\"https:\/\/corberconsulting.ca\/#website\",\"url\":\"https:\/\/corberconsulting.ca\/\",\"name\":\"Corber Consulting\",\"description\":\"Relationships - Reconciliation - Results\",\"potentialAction\":[{\"@type\":\"SearchAction\",\"target\":{\"@type\":\"EntryPoint\",\"urlTemplate\":\"https:\/\/corberconsulting.ca\/?s={search_term_string}\"},\"query-input\":{\"@type\":\"PropertyValueSpecification\",\"valueRequired\":true,\"valueName\":\"search_term_string\"}}],\"inLanguage\":\"fr-FR\"}]}<\/script>\n<!-- \/ Yoast SEO plugin. -->","yoast_head_json":{"title":"Ce que nous faisons - Corber Consulting","description":"Consultation Corber, agissant en solo ou en collaboration avec des partenaires, offre un large \u00e9ventail de services afin d\u2019aider les gouvernements, l\u2019industrie et les organismes \u00e0 but non lucratif dans leur d\u00e9marche vers la R\u00e9conciliation.","robots":{"index":"index","follow":"follow","max-snippet":"max-snippet:-1","max-image-preview":"max-image-preview:large","max-video-preview":"max-video-preview:-1"},"canonical":"https:\/\/corberconsulting.ca\/fr\/ce-que-nous-faisons\/","og_locale":"fr_FR","og_type":"article","og_title":"Ce que nous faisons - Corber Consulting","og_description":"Consultation Corber, agissant en solo ou en collaboration avec des partenaires, offre un large \u00e9ventail de services afin d\u2019aider les gouvernements, l\u2019industrie et les organismes \u00e0 but non lucratif dans leur d\u00e9marche vers la R\u00e9conciliation.","og_url":"https:\/\/corberconsulting.ca\/fr\/ce-que-nous-faisons\/","og_site_name":"Corber Consulting","article_modified_time":"2018-11-01T19:00:27+00:00","twitter_card":"summary_large_image","schema":{"@context":"https:\/\/schema.org","@graph":[{"@type":"WebPage","@id":"https:\/\/corberconsulting.ca\/fr\/ce-que-nous-faisons\/","url":"https:\/\/corberconsulting.ca\/fr\/ce-que-nous-faisons\/","name":"Ce que nous faisons - Corber Consulting","isPartOf":{"@id":"https:\/\/corberconsulting.ca\/#website"},"datePublished":"2018-08-29T01:11:05+00:00","dateModified":"2018-11-01T19:00:27+00:00","description":"Consultation Corber, agissant en solo ou en collaboration avec des partenaires, offre un large \u00e9ventail de services afin d\u2019aider les gouvernements, l\u2019industrie et les organismes \u00e0 but non lucratif dans leur d\u00e9marche vers la R\u00e9conciliation.","breadcrumb":{"@id":"https:\/\/corberconsulting.ca\/fr\/ce-que-nous-faisons\/#breadcrumb"},"inLanguage":"fr-FR","potentialAction":[{"@type":"ReadAction","target":["https:\/\/corberconsulting.ca\/fr\/ce-que-nous-faisons\/"]}]},{"@type":"BreadcrumbList","@id":"https:\/\/corberconsulting.ca\/fr\/ce-que-nous-faisons\/#breadcrumb","itemListElement":[{"@type":"ListItem","position":1,"name":"Home","item":"https:\/\/corberconsulting.ca\/fr\/"},{"@type":"ListItem","position":2,"name":"Ce que nous faisons"}]},{"@type":"WebSite","@id":"https:\/\/corberconsulting.ca\/#website","url":"https:\/\/corberconsulting.ca\/","name":"Corber Consulting","description":"Relationships - Reconciliation - Results","potentialAction":[{"@type":"SearchAction","target":{"@type":"EntryPoint","urlTemplate":"https:\/\/corberconsulting.ca\/?s={search_term_string}"},"query-input":{"@type":"PropertyValueSpecification","valueRequired":true,"valueName":"search_term_string"}}],"inLanguage":"fr-FR"}]}},"jetpack_sharing_enabled":true,"_links":{"self":[{"href":"https:\/\/corberconsulting.ca\/fr\/wp-json\/wp\/v2\/pages\/226","targetHints":{"allow":["GET"]}}],"collection":[{"href":"https:\/\/corberconsulting.ca\/fr\/wp-json\/wp\/v2\/pages"}],"about":[{"href":"https:\/\/corberconsulting.ca\/fr\/wp-json\/wp\/v2\/types\/page"}],"author":[{"embeddable":true,"href":"https:\/\/corberconsulting.ca\/fr\/wp-json\/wp\/v2\/users\/4"}],"replies":[{"embeddable":true,"href":"https:\/\/corberconsulting.ca\/fr\/wp-json\/wp\/v2\/comments?post=226"}],"version-history":[{"count":5,"href":"https:\/\/corberconsulting.ca\/fr\/wp-json\/wp\/v2\/pages\/226\/revisions"}],"predecessor-version":[{"id":487,"href":"https:\/\/corberconsulting.ca\/fr\/wp-json\/wp\/v2\/pages\/226\/revisions\/487"}],"wp:attachment":[{"href":"https:\/\/corberconsulting.ca\/fr\/wp-json\/wp\/v2\/media?parent=226"}],"curies":[{"name":"wp","href":"https:\/\/api.w.org\/{rel}","templated":true}]}}