{"id":198,"date":"2018-08-12T23:30:04","date_gmt":"2018-08-12T23:30:04","guid":{"rendered":"https:\/\/dev.corberconsulting.ca\/home\/"},"modified":"2018-11-01T18:58:35","modified_gmt":"2018-11-01T18:58:35","slug":"home","status":"publish","type":"page","link":"https:\/\/corberconsulting.ca\/fr\/","title":{"rendered":"Accueil"},"content":{"rendered":"<!-- AddThis Advanced Settings generic via filter on the_content --><!-- AddThis Share Buttons generic via filter on the_content -->","protected":false},"excerpt":{"rendered":"","protected":false},"author":1,"featured_media":0,"parent":0,"menu_order":0,"comment_status":"closed","ping_status":"closed","template":"","meta":{"_acf_changed":false,"nf_dc_page":"","footnotes":""},"class_list":["post-198","page","type-page","status-publish","hentry"],"acf":[],"yoast_head":"<!-- This site is optimized with the Yoast SEO plugin v27.2 - https:\/\/yoast.com\/product\/yoast-seo-wordpress\/ -->\n<title>Accueil - Corber Consulting<\/title>\n<meta name=\"description\" content=\"Consultation Corber, agissant en solo ou en collaboration avec des partenaires, offre un large \u00e9ventail de services afin d\u2019aider les gouvernements, l\u2019industrie et les organismes \u00e0 but non lucratif dans leur d\u00e9marche vers la R\u00e9conciliation.\" \/>\n<meta name=\"robots\" content=\"index, follow, max-snippet:-1, max-image-preview:large, max-video-preview:-1\" \/>\n<link rel=\"canonical\" href=\"https:\/\/corberconsulting.ca\/fr\/\" \/>\n<meta property=\"og:locale\" content=\"fr_FR\" \/>\n<meta property=\"og:type\" content=\"article\" \/>\n<meta property=\"og:title\" content=\"Accueil - Corber Consulting\" \/>\n<meta property=\"og:description\" content=\"Consultation Corber, agissant en solo ou en collaboration avec des partenaires, offre un large \u00e9ventail de services afin d\u2019aider les gouvernements, l\u2019industrie et les organismes \u00e0 but non lucratif dans leur d\u00e9marche vers la R\u00e9conciliation.\" \/>\n<meta property=\"og:url\" content=\"https:\/\/corberconsulting.ca\/fr\/\" \/>\n<meta property=\"og:site_name\" content=\"Corber Consulting\" \/>\n<meta property=\"article:modified_time\" content=\"2018-11-01T18:58:35+00:00\" \/>\n<meta name=\"twitter:card\" content=\"summary_large_image\" \/>\n<script type=\"application\/ld+json\" class=\"yoast-schema-graph\">{\"@context\":\"https:\/\/schema.org\",\"@graph\":[{\"@type\":\"WebPage\",\"@id\":\"https:\/\/corberconsulting.ca\/fr\/\",\"url\":\"https:\/\/corberconsulting.ca\/fr\/\",\"name\":\"Accueil - Corber Consulting\",\"isPartOf\":{\"@id\":\"https:\/\/corberconsulting.ca\/#website\"},\"datePublished\":\"2018-08-12T23:30:04+00:00\",\"dateModified\":\"2018-11-01T18:58:35+00:00\",\"description\":\"Consultation Corber, agissant en solo ou en collaboration avec des partenaires, offre un large \u00e9ventail de services afin d\u2019aider les gouvernements, l\u2019industrie et les organismes \u00e0 but non lucratif dans leur d\u00e9marche vers la R\u00e9conciliation.\",\"breadcrumb\":{\"@id\":\"https:\/\/corberconsulting.ca\/fr\/#breadcrumb\"},\"inLanguage\":\"fr-FR\",\"potentialAction\":[{\"@type\":\"ReadAction\",\"target\":[\"https:\/\/corberconsulting.ca\/fr\/\"]}]},{\"@type\":\"BreadcrumbList\",\"@id\":\"https:\/\/corberconsulting.ca\/fr\/#breadcrumb\",\"itemListElement\":[{\"@type\":\"ListItem\",\"position\":1,\"name\":\"Home\",\"item\":\"https:\/\/corberconsulting.ca\/fr\/\"},{\"@type\":\"ListItem\",\"position\":2,\"name\":\"Accueil\"}]},{\"@type\":\"WebSite\",\"@id\":\"https:\/\/corberconsulting.ca\/#website\",\"url\":\"https:\/\/corberconsulting.ca\/\",\"name\":\"Corber Consulting\",\"description\":\"Relationships - Reconciliation - Results\",\"potentialAction\":[{\"@type\":\"SearchAction\",\"target\":{\"@type\":\"EntryPoint\",\"urlTemplate\":\"https:\/\/corberconsulting.ca\/?s={search_term_string}\"},\"query-input\":{\"@type\":\"PropertyValueSpecification\",\"valueRequired\":true,\"valueName\":\"search_term_string\"}}],\"inLanguage\":\"fr-FR\"}]}<\/script>\n<!-- \/ Yoast SEO plugin. -->","yoast_head_json":{"title":"Accueil - Corber Consulting","description":"Consultation Corber, agissant en solo ou en collaboration avec des partenaires, offre un large \u00e9ventail de services afin d\u2019aider les gouvernements, l\u2019industrie et les organismes \u00e0 but non lucratif dans leur d\u00e9marche vers la R\u00e9conciliation.","robots":{"index":"index","follow":"follow","max-snippet":"max-snippet:-1","max-image-preview":"max-image-preview:large","max-video-preview":"max-video-preview:-1"},"canonical":"https:\/\/corberconsulting.ca\/fr\/","og_locale":"fr_FR","og_type":"article","og_title":"Accueil - Corber Consulting","og_description":"Consultation Corber, agissant en solo ou en collaboration avec des partenaires, offre un large \u00e9ventail de services afin d\u2019aider les gouvernements, l\u2019industrie et les organismes \u00e0 but non lucratif dans leur d\u00e9marche vers la R\u00e9conciliation.","og_url":"https:\/\/corberconsulting.ca\/fr\/","og_site_name":"Corber Consulting","article_modified_time":"2018-11-01T18:58:35+00:00","twitter_card":"summary_large_image","schema":{"@context":"https:\/\/schema.org","@graph":[{"@type":"WebPage","@id":"https:\/\/corberconsulting.ca\/fr\/","url":"https:\/\/corberconsulting.ca\/fr\/","name":"Accueil - Corber Consulting","isPartOf":{"@id":"https:\/\/corberconsulting.ca\/#website"},"datePublished":"2018-08-12T23:30:04+00:00","dateModified":"2018-11-01T18:58:35+00:00","description":"Consultation Corber, agissant en solo ou en collaboration avec des partenaires, offre un large \u00e9ventail de services afin d\u2019aider les gouvernements, l\u2019industrie et les organismes \u00e0 but non lucratif dans leur d\u00e9marche vers la R\u00e9conciliation.","breadcrumb":{"@id":"https:\/\/corberconsulting.ca\/fr\/#breadcrumb"},"inLanguage":"fr-FR","potentialAction":[{"@type":"ReadAction","target":["https:\/\/corberconsulting.ca\/fr\/"]}]},{"@type":"BreadcrumbList","@id":"https:\/\/corberconsulting.ca\/fr\/#breadcrumb","itemListElement":[{"@type":"ListItem","position":1,"name":"Home","item":"https:\/\/corberconsulting.ca\/fr\/"},{"@type":"ListItem","position":2,"name":"Accueil"}]},{"@type":"WebSite","@id":"https:\/\/corberconsulting.ca\/#website","url":"https:\/\/corberconsulting.ca\/","name":"Corber Consulting","description":"Relationships - Reconciliation - Results","potentialAction":[{"@type":"SearchAction","target":{"@type":"EntryPoint","urlTemplate":"https:\/\/corberconsulting.ca\/?s={search_term_string}"},"query-input":{"@type":"PropertyValueSpecification","valueRequired":true,"valueName":"search_term_string"}}],"inLanguage":"fr-FR"}]}},"jetpack_sharing_enabled":true,"_links":{"self":[{"href":"https:\/\/corberconsulting.ca\/fr\/wp-json\/wp\/v2\/pages\/198","targetHints":{"allow":["GET"]}}],"collection":[{"href":"https:\/\/corberconsulting.ca\/fr\/wp-json\/wp\/v2\/pages"}],"about":[{"href":"https:\/\/corberconsulting.ca\/fr\/wp-json\/wp\/v2\/types\/page"}],"author":[{"embeddable":true,"href":"https:\/\/corberconsulting.ca\/fr\/wp-json\/wp\/v2\/users\/1"}],"replies":[{"embeddable":true,"href":"https:\/\/corberconsulting.ca\/fr\/wp-json\/wp\/v2\/comments?post=198"}],"version-history":[{"count":5,"href":"https:\/\/corberconsulting.ca\/fr\/wp-json\/wp\/v2\/pages\/198\/revisions"}],"predecessor-version":[{"id":486,"href":"https:\/\/corberconsulting.ca\/fr\/wp-json\/wp\/v2\/pages\/198\/revisions\/486"}],"wp:attachment":[{"href":"https:\/\/corberconsulting.ca\/fr\/wp-json\/wp\/v2\/media?parent=198"}],"curies":[{"name":"wp","href":"https:\/\/api.w.org\/{rel}","templated":true}]}}